{"id":872,"date":"2023-05-19T06:30:42","date_gmt":"2023-05-19T04:30:42","guid":{"rendered":"https:\/\/demosites.royal-elementor-addons.com\/home-care-v1\/?page_id=7"},"modified":"2025-05-01T21:11:13","modified_gmt":"2025-05-01T19:11:13","slug":"prepravny-poriadok-2","status":"publish","type":"page","link":"https:\/\/www.labasko.sk\/index.php\/prepravny-poriadok-2\/","title":{"rendered":"Prepravn\u00fd poriadok"},"content":{"rendered":"\t\t<div data-elementor-type=\"wp-page\" data-elementor-id=\"872\" class=\"elementor elementor-872\" data-elementor-post-type=\"page\">\n\t\t\t\t\t\t<section class=\"elementor-section elementor-top-section elementor-element elementor-element-b64a53b elementor-section-height-min-height elementor-section-boxed elementor-section-height-default elementor-section-items-middle wpr-particle-no wpr-jarallax-no wpr-parallax-no wpr-sticky-section-no\" data-id=\"b64a53b\" data-element_type=\"section\" data-settings=\"{&quot;background_background&quot;:&quot;classic&quot;,&quot;shape_divider_bottom&quot;:&quot;tilt&quot;}\">\n\t\t\t\t\t\t\t<div class=\"elementor-background-overlay\"><\/div>\n\t\t\t\t\t\t<div class=\"elementor-shape elementor-shape-bottom\" aria-hidden=\"true\" data-negative=\"false\">\n\t\t\t<svg xmlns=\"http:\/\/www.w3.org\/2000\/svg\" viewBox=\"0 0 1000 100\" preserveAspectRatio=\"none\">\n\t<path class=\"elementor-shape-fill\" d=\"M0,6V0h1000v100L0,6z\"\/>\n<\/svg>\t\t<\/div>\n\t\t\t\t\t<div class=\"elementor-container elementor-column-gap-default\">\n\t\t\t\t\t<div class=\"elementor-column elementor-col-100 elementor-top-column elementor-element elementor-element-1d1df3e\" data-id=\"1d1df3e\" data-element_type=\"column\">\n\t\t\t<div class=\"elementor-widget-wrap elementor-element-populated\">\n\t\t\t\t\t\t<div class=\"elementor-element elementor-element-9e00986 elementor-widget elementor-widget-heading\" data-id=\"9e00986\" data-element_type=\"widget\" data-widget_type=\"heading.default\">\n\t\t\t\t<div class=\"elementor-widget-container\">\n\t\t\t\t\t<h2 class=\"elementor-heading-title elementor-size-default\">Prepravn\u00fd poriadok<\/h2>\t\t\t\t<\/div>\n\t\t\t\t<\/div>\n\t\t\t\t\t<\/div>\n\t\t<\/div>\n\t\t\t\t\t<\/div>\n\t\t<\/section>\n\t\t<div class=\"elementor-element elementor-element-84e5728 e-flex e-con-boxed wpr-particle-no wpr-jarallax-no wpr-parallax-no wpr-sticky-section-no e-con e-parent\" data-id=\"84e5728\" data-element_type=\"container\">\n\t\t\t\t\t<div class=\"e-con-inner\">\n\t\t\t\t<div class=\"elementor-element elementor-element-fa38790 elementor-widget elementor-widget-text-editor\" data-id=\"fa38790\" data-element_type=\"widget\" data-widget_type=\"text-editor.default\">\n\t\t\t\t<div class=\"elementor-widget-container\">\n\t\t\t\t\t\t\t\t\t<h1>\u00a0\u00a0<\/h1><p><strong>Peter Laba\u0161ko\u00a0 <\/strong><\/p><p>\u010cere\u0161\u0148ov\u00e1 703\/6, 082 16 Fintice<\/p><h1 style=\"text-align: center;\"><strong>PREPRAVN\u00dd\u00a0 PORIADOK<\/strong><strong>\u00a0CESTNEJ N\u00c1KLADNEJ DOPRAVY <\/strong><\/h1><p><strong>\u00a0<\/strong><\/p><p><strong>Peter Laba\u0161ko so s\u00eddlom \u010cere\u0161\u0148ov\u00e1 703\/6, 082 16 Fintice<\/strong>, pod\u013ea \u00a7 4 z\u00e1kona \u010d. 56\/2012 Z. z. o cestnej doprave v znen\u00ed neskor\u0161\u00edch predpisov\u00a0<\/p><p>\u00a0vyd\u00e1va<\/p><h3 style=\"text-align: center;\"><strong>PREPRAVN\u00dd\u00a0 PORIADOK\u00a0 CESTNEJ\u00a0 N\u00c1KLADNEJ\u00a0 <\/strong><\/h3><h3 style=\"text-align: center;\"><strong>DOPRAVY <\/strong><\/h3><p><strong>\u00a0<\/strong><\/p><p style=\"text-align: center;\"><strong>Z\u00e1kladn\u00e9 ustanovenia <\/strong><\/p><p style=\"text-align: center;\"><strong>\u00a0<\/strong><\/p><p style=\"text-align: center;\"><strong>\u010cl\u00e1nok 1 \u00davodn\u00e9 ustanovenia<\/strong><\/p><ul><li>Tento prepravn\u00fd poriadok obsahuje prepravn\u00e9 podmienky dopravcu potrebn\u00e9 na uzavretie prepravnej zmluvy v zmysle Ob\u010dianskeho alebo Obchodn\u00e9ho z\u00e1konn\u00edka v platnom znen\u00ed.<\/li><\/ul><ul><li>Dopravcom je Peter Laba\u0161ko, so s\u00eddlom \u010cere\u0161\u0148ov\u00e1 703\/6, 082 16 Fintice, I\u010cO: 463 381 01\u00a0 (\u010falej len \u201e<strong>Dopravca<\/strong>\u201c) v zmysle \u00a7 3 Z\u00e1kona \u010d. 56\/2012 Z. z. o cestnej doprave, v znen\u00ed neskor\u0161\u00edch predpisov.<\/li><\/ul><ul><li>Prepravou pod\u013ea tohto prepravn\u00e9ho poriadku je premiestnenie vec\u00ed, n\u00e1kladov, priemyseln\u00fdch tovarov a in\u00fdch po\u017eadovan\u00fdch druhov tovarov vo vn\u00fatro\u0161t\u00e1tnej cestnej n\u00e1kladnej doprave.<\/li><\/ul><ul><li>Prev\u00e1dzkov\u00e1 \u010dinnos\u0165 dopravcu je povinnos\u0165 vykon\u00e1va\u0165 n\u00e1kladn\u00fa cestn\u00fa dopravu v s\u00falade s vydan\u00fdm povolen\u00edm a licenciou Krajsk\u00e9ho \u00faradu pre cestn\u00fa dopravu a pozemn\u00e9 komunik\u00e1cie.<\/li><\/ul><ul><li>Prepravn\u00e1 povinnos\u0165 dopravcu je povinnos\u0165 vykona\u0165 prepravu, ak s\u00fa splnen\u00e9 podmienky pod\u013ea tohto prepravn\u00e9ho poriadku a umo\u017e\u0148uj\u00fa to prepravn\u00e9 podmienky, najm\u00e4 technick\u00fd stav, vy\u0165a\u017eite\u013enos\u0165 vozidla a sp\u00f4sobilos\u0165 vodi\u010da a nebr\u00e1nia tomu pr\u00ed\u010diny, ktor\u00e9 nemo\u017eno odvr\u00e1ti\u0165.<\/li><\/ul><p><strong>\u00a0<\/strong><\/p><p style=\"text-align: center;\"><strong>\u010cl\u00e1nok 2 Druh prev\u00e1dzkovanej cestnej dopravy a rozsah poskytovan\u00fdch dopravn\u00fdch slu\u017eieb<\/strong><\/p><p><strong>\u00a0<\/strong><\/p><p>Dopravca vykon\u00e1va vn\u00fatro\u0161t\u00e1tnu cestn\u00fa n\u00e1kladn\u00fa dopravu<\/p><ul><li>Charakter vykon\u00e1vanej n\u00e1kladnej cestnej dopravy<ol><li>vozov\u00e9 z\u00e1sielky<\/li><li>sypk\u00e9 substr\u00e1ty<\/li><li>ostatn\u00e9 materi\u00e1ly<\/li><li>odpady<\/li><li>paletov\u00e1 preprava<\/li><\/ol><\/li><\/ul><ul><li>Za vozov\u00fa z\u00e1sielku sa pova\u017euje z\u00e1sielka prepravovan\u00e1 jedn\u00e9mu odosielate\u013eovi jednou jazdou vozidla, ak bola vyu\u017eit\u00e1 u\u017eito\u010dn\u00e1 hmotnos\u0165 vozidla alebo bez oh\u013eadu na hmotnos\u0165 n\u00e1kladu, maxim\u00e1lne v\u0161ak do povolenej celkovej hmotnosti vozidla<\/li><\/ul><ul><li>Druhy prepr\u00e1v pod\u013ea technickej z\u00e1kladne, najm\u00e4 vozov\u00e9ho parku:<\/li><\/ul><ol><li>preprava sypk\u00fdch substr\u00e1tov (\u0161trk, piesok, kamenivo, a pod.)<\/li><li>preprava strojov a zariaden\u00ed<\/li><li>preprava materi\u00e1lov na z\u00e1klade objedn\u00e1vok prepravcu<\/li><li>preprava in\u00fdch druhov tovarov, na z\u00e1klade objedn\u00e1vok prepravcu<\/li><\/ol><p><strong>\u00a0<\/strong><\/p><p><strong>\u00a0<\/strong><\/p><p style=\"text-align: center;\"><strong>\u010cl\u00e1nok 3<\/strong><\/p><p style=\"text-align: center;\"><strong>Z\u00e1kladn\u00e9 ustanovenie k zmluve o preprave vec\u00ed vo vn\u00fatro\u0161t\u00e1tnej cestnej n\u00e1kladnej doprave <\/strong><\/p><p style=\"text-align: center;\"><strong>\u00a0<\/strong><\/p><ul><li>Dopravca je povinn\u00fd<\/li><\/ul><ol><li>vykon\u00e1va\u0165 cestn\u00fa dopravu pod\u013ea tohto prepravn\u00e9ho poriadku,<\/li><li>zabezpe\u010di\u0165 v rozsahu poskytovan\u00fdch dopravn\u00fdch a s\u00favisiacich \u010dinnost\u00ed \u010fal\u0161ie vybavenie potrebn\u00e9 na prev\u00e1dzku, \u00fadr\u017ebu, technick\u00fa kontrolu, parkovanie a gar\u00e1\u017eovanie vozidiel a na starostlivos\u0165 o os\u00e1dky vozidiel a o n\u00e1klad,<\/li><li>ozna\u010di\u0165 ka\u017ed\u00e9 vozidlo ur\u010den\u00e9 na podnikanie obchodn\u00fdm menom,<\/li><li>zabezpe\u010di\u0165, aby v ka\u017edom vozidle pou\u017e\u00edvanom na podnikate\u013esk\u00e9 \u00fa\u010dely bol doklad o opr\u00e1vnen\u00ed podnika\u0165,<\/li><li>zabezpe\u010di\u0165, aby v\u0161etky vozidl\u00e1, ktor\u00e9 sa pou\u017e\u00edvaj\u00fa na podnikanie, parkovali alebo gar\u00e1\u017eovali vo vlastn\u00fdch priestoroch,<\/li><li>zamestn\u00e1va\u0165 ako ved\u00faceho dopravy len osobu, ktor\u00e1 m\u00e1 osved\u010denie o odbornej sp\u00f4sobilosti<\/li><\/ol><ul><li>Ak s\u00fa splnen\u00e9 podmienky pod\u013ea prepravn\u00e9ho poriadku a umo\u017e\u0148uj\u00fa to prepravn\u00e9 podmienky, najm\u00e4 technick\u00fd stav, obsadite\u013enos\u0165 alebo vy\u0165a\u017eite\u013enos\u0165 vozidla a sp\u00f4sobilos\u0165 vodi\u010da a nebr\u00e1nia tomu pr\u00ed\u010diny, ktor\u00e9 nemo\u017eno odvr\u00e1ti\u0165, dopravca je povinn\u00fd vykona\u0165 prepravu (\u010falej len ,,prepravn\u00e1 povinnos\u0165\u201c)<\/li><\/ul><p><strong>\u010cl\u00e1nok 4 Veci\u00a0 vyl\u00fa\u010den\u00e9 z prepravy<\/strong><\/p><p><strong>\u00a0<\/strong><\/p><ul><li>Z prepravy s\u00fa vyl\u00fa\u010den\u00e9<\/li><\/ul><ol><li>veci, ktor\u00fdch preprava je zak\u00e1zan\u00e1 v\u0161eobecne platn\u00fdmi pr\u00e1vnymi predpismi,<\/li><\/ol><ol><li>nebezpe\u010dn\u00e9 veci v zmysle aktu\u00e1lnej Eur\u00f3pskej dohody o cestnej preprave nebezpe\u010dn\u00fdch vec\u00ed (\u010falej v texte len ako \u201eDohoda ADR),<\/li><\/ol><ol><li>predmety, ktor\u00e9 svojimi rozmermi alebo hmotnos\u0165ou vzh\u013eadom na u\u017eito\u010dn\u00fa hmotnos\u0165, rozmery vozidiel a stav pozemn\u00fdch komunik\u00e1ci\u00ed, ktor\u00fdch m\u00e1 by\u0165 pri preprave pou\u017eito, s\u00fa nevhodn\u00e9 na preprave vozidlom dopravcu,<\/li><li>veci vysokej resp. \u0165a\u017eko vy\u010d\u00edslite\u013enej hodnoty (umeleck\u00e9 zbierky, staro\u017eitnosti a pod.).<\/li><\/ol><ul><li>Dopravca vzh\u013eadom na svoju teraj\u0161iu technick\u00fa z\u00e1klad\u0148u neprepravuje \u017eiv\u00e9 zvierat\u00e1.<\/li><\/ul><ul><li>Dopravca nevykon\u00e1va zvl\u00e1\u0161\u0165 nadmern\u00e9 a nadrozmern\u00e9 prepravy, ktor\u00e9 by si vy\u017eadovali \u0161pecializovan\u00fa technick\u00fa z\u00e1klad\u0148u.<\/li><\/ul><ul><li>Ak bola podan\u00e1 k preprave z\u00e1sielka, ktor\u00e1 je vyl\u00fa\u010den\u00e1 z prepravy alebo jej preprava je povolen\u00e1 za zvl\u00e1\u0161tnych podmienok, bez toho aby bola t\u00e1to povaha z\u00e1sielky dopravcovi ozn\u00e1men\u00e1 alebo bola prevzat\u00e1 tak\u00e1 z\u00e1sielka k preprave na podklade nespr\u00e1vnych alebo ne\u00fapln\u00fdch \u00fadajov, je odosielate\u013e povinn\u00fd zaplati\u0165 pokutu vo v\u00fd\u0161ke rovnaj\u00facej sa trojn\u00e1sobku dohodnut\u00e9ho prepravn\u00e9ho za celovozov\u00fa z\u00e1sielku.<\/li><\/ul><p><strong>\u00a0<\/strong><\/p><p><strong>\u00a0<\/strong><\/p><p style=\"text-align: center;\"><strong>\u010cl\u00e1nok 5 Podmienky pristavovania vozidiel na nakl\u00e1dku a vykl\u00e1dku a rozsah spolupr\u00e1ce\u00a0 odosielate\u013ea a pr\u00edjemcu vec\u00ed s dopravcom<\/strong><\/p><ul><li>Odosielate\u013e je povinn\u00fd poskytn\u00fa\u0165 dopravcovi spr\u00e1vne \u00fadaje o obsahu prepravovan\u00e9ho materi\u00e1lu<\/li><li>Odosielate\u013e je povinn\u00fd prepravu u dopravcu objedna\u0165 formou faxu, e-mailu s elektronick\u00fdm podpisom alebo scan podp\u00edsanej objedn\u00e1vky formou pr\u00edlohy.<\/li><li>Pri opakovanej preprave je vhodnej\u0161ie medzi dopravcom a objedn\u00e1vate\u013eom prepravy uzatvori\u0165 zmluvu.<\/li><li>Objedn\u00e1vka mus\u00ed obsahova\u0165 nasleduj\u00face slovn\u00e9 spojenie: \u201cZ\u00e1v\u00e4zne si u V\u00e1s objedn\u00e1vame&#8230;\u201c alebo \u201cObjedn\u00e1vame si u V\u00e1s&#8230;\u201c<\/li><\/ul><p><strong>\u00a0<\/strong><\/p><p><strong>\u00a0<\/strong><\/p><p style=\"text-align: center;\"><strong>Oddiel IV <\/strong><\/p><p style=\"text-align: center;\"><strong>Z\u00e1vere\u010dn\u00e9 ustanovenia <\/strong><\/p><p style=\"text-align: center;\"><strong>\u010cl\u00e1nok 15 Zverejnenie prepravn\u00e9ho poriadku cestnej n\u00e1kladnej dopravy a jeho platnos\u0165<\/strong><\/p><p><strong>\u00a0<\/strong><\/p><ul><li>Pod\u013ea z\u00e1kona \u010d. 56\/2012 Z. z. o cestnej doprave dopravca zverejnil tento prepravn\u00fd poriadok na svojom webovom s\u00eddle (www.labasko.sk)a je k dispoz\u00edci\u00ed aj v s\u00eddle dopravcu.\u00a0<\/li><li>Tento prepravn\u00fd poriadok je platn\u00fd od 23.02.2023<\/li><li>Pod\u013ea z\u00e1kona \u010d. 56\/2012 Z. z. o cestnej doprave zverejnen\u00fd prepravn\u00fd poriadok je s\u00fa\u010das\u0165ou n\u00e1vrhu dopravcu na uzavretie prepravnej zmluvy a po jej uzatvoren\u00ed je jeho obsah s\u00fa\u010das\u0165ou zmluvn\u00fdch pr\u00e1v a povinnost\u00ed \u00fa\u010dastn\u00edkov zmluvy.<\/li><li>Objedn\u00e1vate\u013e prepravy (prepravca) je pred podp\u00edsan\u00edm zmluvy\u00a0 o preprave\u00a0 vec\u00ed resp. n\u00e1kladu povinn\u00fd sa s t\u00fdmto prepravn\u00fdm poriadkom obozn\u00e1mi\u0165.<\/li><\/ul><p><strong>\u00a0<\/strong><\/p><p><strong>\u00a0<\/strong><\/p><p style=\"text-align: center;\"><strong>\u010cl\u00e1nok 16 Zmeny v prepravnom\u00a0 poriadku cestnej n\u00e1kladnej dopravy<\/strong><\/p><p><strong>\u00a0<\/strong><\/p><ul><li>V\u0161etky zmeny a doplnky prepravn\u00e9ho poriadku s\u00fa platn\u00e9 d\u0148om ich zverejnenia a spr\u00edstupnenia na webovom s\u00eddle dopravcu.<\/li><li>Ak bude prepravn\u00fd poriadok podstatne zmenen\u00fd alebo podstatne doplnen\u00fd, dopravca zabezpe\u010d\u00ed jeho zverejnenie a spr\u00edstupnenie v \u00faplnom znen\u00ed.<\/li><\/ul><p style=\"text-align: right;\">\u00a0V\u00a0Pre\u0161ove d\u0148a 01.04.2025<\/p><p style=\"text-align: right;\">Meno a priezvisko\u00a0 \u0161tatut\u00e1rneho z\u00e1stupcu:\u00a0\u00a0\u00a0\u00a0\u00a0\u00a0\u00a0\u00a0\u00a0\u00a0\u00a0\u00a0\u00a0\u00a0\u00a0\u00a0\u00a0\u00a0\u00a0\u00a0\u00a0\u00a0\u00a0\u00a0\u00a0\u00a0\u00a0\u00a0\u00a0\u00a0\u00a0\u00a0\u00a0\u00a0\u00a0\u00a0\u00a0\u00a0\u00a0\u00a0\u00a0\u00a0\u00a0\u00a0\u00a0\u00a0\u00a0\u00a0\u00a0\u00a0\u00a0 \u00a0\u00a0\u00a0\u00a0\u00a0\u00a0\u00a0\u00a0\u00a0Peter Laba\u0161ko<\/p>\t\t\t\t\t\t\t\t<\/div>\n\t\t\t\t<\/div>\n\t\t\t\t\t<\/div>\n\t\t\t\t<\/div>\n\t\t\t\t<\/div>\n\t\t","protected":false},"excerpt":{"rendered":"<p>Prepravn\u00fd poriadok \u00a0\u00a0 Peter Laba\u0161ko\u00a0 \u010cere\u0161\u0148ov\u00e1 703\/6, 082 16 Fintice PREPRAVN\u00dd\u00a0 PORIADOK\u00a0CESTNEJ N\u00c1KLADNEJ DOPRAVY \u00a0 Peter Laba\u0161ko so s\u00eddlom \u010cere\u0161\u0148ov\u00e1 703\/6, 082 16 Fintice, pod\u013ea \u00a7 4 z\u00e1kona \u010d. 56\/2012 Z. z. o cestnej doprave v znen\u00ed neskor\u0161\u00edch predpisov\u00a0 \u00a0vyd\u00e1va PREPRAVN\u00dd\u00a0 PORIADOK\u00a0 CESTNEJ\u00a0 N\u00c1KLADNEJ\u00a0 DOPRAVY \u00a0 Z\u00e1kladn\u00e9 ustanovenia \u00a0 \u010cl\u00e1nok 1 \u00davodn\u00e9 ustanovenia Tento prepravn\u00fd poriadok obsahuje prepravn\u00e9 podmienky dopravcu potrebn\u00e9 na uzavretie prepravnej zmluvy v zmysle Ob\u010dianskeho alebo Obchodn\u00e9ho z\u00e1konn\u00edka v platnom znen\u00ed. Dopravcom je Peter Laba\u0161ko, so s\u00eddlom \u010cere\u0161\u0148ov\u00e1 703\/6, 082 16 Fintice, I\u010cO: 463 381 01\u00a0 (\u010falej len \u201eDopravca\u201c) v zmysle \u00a7 3 Z\u00e1kona \u010d. 56\/2012 Z. z. o cestnej doprave, v znen\u00ed neskor\u0161\u00edch predpisov. Prepravou pod\u013ea tohto prepravn\u00e9ho poriadku je premiestnenie vec\u00ed, n\u00e1kladov, priemyseln\u00fdch tovarov a in\u00fdch po\u017eadovan\u00fdch druhov tovarov vo vn\u00fatro\u0161t\u00e1tnej cestnej n\u00e1kladnej doprave. Prev\u00e1dzkov\u00e1 \u010dinnos\u0165 dopravcu je povinnos\u0165 vykon\u00e1va\u0165 n\u00e1kladn\u00fa cestn\u00fa dopravu v s\u00falade s vydan\u00fdm povolen\u00edm a licenciou Krajsk\u00e9ho \u00faradu pre cestn\u00fa dopravu a pozemn\u00e9 komunik\u00e1cie. Prepravn\u00e1 povinnos\u0165 dopravcu je povinnos\u0165 vykona\u0165 prepravu, ak s\u00fa splnen\u00e9 podmienky pod\u013ea tohto prepravn\u00e9ho poriadku a umo\u017e\u0148uj\u00fa to prepravn\u00e9 podmienky, najm\u00e4 technick\u00fd stav, vy\u0165a\u017eite\u013enos\u0165 vozidla a sp\u00f4sobilos\u0165 vodi\u010da a nebr\u00e1nia tomu pr\u00ed\u010diny, ktor\u00e9 nemo\u017eno odvr\u00e1ti\u0165. \u00a0 \u010cl\u00e1nok 2 Druh prev\u00e1dzkovanej cestnej dopravy a rozsah poskytovan\u00fdch dopravn\u00fdch slu\u017eieb \u00a0 Dopravca vykon\u00e1va vn\u00fatro\u0161t\u00e1tnu cestn\u00fa n\u00e1kladn\u00fa dopravu Charakter vykon\u00e1vanej n\u00e1kladnej cestnej dopravy vozov\u00e9 z\u00e1sielky sypk\u00e9 substr\u00e1ty ostatn\u00e9 materi\u00e1ly odpady paletov\u00e1 preprava Za vozov\u00fa z\u00e1sielku sa pova\u017euje z\u00e1sielka prepravovan\u00e1 jedn\u00e9mu odosielate\u013eovi jednou jazdou vozidla, ak bola vyu\u017eit\u00e1 u\u017eito\u010dn\u00e1 hmotnos\u0165 vozidla alebo bez oh\u013eadu na hmotnos\u0165 n\u00e1kladu, maxim\u00e1lne v\u0161ak do povolenej celkovej hmotnosti vozidla Druhy prepr\u00e1v pod\u013ea technickej z\u00e1kladne, najm\u00e4 vozov\u00e9ho parku: preprava sypk\u00fdch substr\u00e1tov (\u0161trk, piesok, kamenivo, a pod.) preprava strojov a zariaden\u00ed preprava materi\u00e1lov na z\u00e1klade objedn\u00e1vok prepravcu preprava in\u00fdch druhov tovarov, na z\u00e1klade objedn\u00e1vok prepravcu \u00a0 \u00a0 \u010cl\u00e1nok 3 Z\u00e1kladn\u00e9 ustanovenie k zmluve o preprave vec\u00ed vo vn\u00fatro\u0161t\u00e1tnej cestnej n\u00e1kladnej doprave \u00a0 Dopravca je povinn\u00fd vykon\u00e1va\u0165 cestn\u00fa dopravu pod\u013ea tohto prepravn\u00e9ho poriadku, zabezpe\u010di\u0165 v rozsahu poskytovan\u00fdch dopravn\u00fdch a s\u00favisiacich \u010dinnost\u00ed \u010fal\u0161ie vybavenie potrebn\u00e9 na prev\u00e1dzku, \u00fadr\u017ebu, technick\u00fa kontrolu, parkovanie a gar\u00e1\u017eovanie vozidiel a na starostlivos\u0165 o os\u00e1dky vozidiel a o n\u00e1klad, ozna\u010di\u0165 ka\u017ed\u00e9 vozidlo ur\u010den\u00e9 na podnikanie obchodn\u00fdm menom, zabezpe\u010di\u0165, aby v ka\u017edom vozidle pou\u017e\u00edvanom na podnikate\u013esk\u00e9 \u00fa\u010dely bol doklad o opr\u00e1vnen\u00ed podnika\u0165, zabezpe\u010di\u0165, aby v\u0161etky vozidl\u00e1, ktor\u00e9 sa pou\u017e\u00edvaj\u00fa na podnikanie, parkovali alebo gar\u00e1\u017eovali vo vlastn\u00fdch priestoroch, zamestn\u00e1va\u0165 ako ved\u00faceho dopravy len osobu, ktor\u00e1 m\u00e1 osved\u010denie o odbornej sp\u00f4sobilosti Ak s\u00fa splnen\u00e9 podmienky pod\u013ea prepravn\u00e9ho poriadku a umo\u017e\u0148uj\u00fa to prepravn\u00e9 podmienky, najm\u00e4 technick\u00fd stav, obsadite\u013enos\u0165 alebo vy\u0165a\u017eite\u013enos\u0165 vozidla a sp\u00f4sobilos\u0165 vodi\u010da a nebr\u00e1nia tomu pr\u00ed\u010diny, ktor\u00e9 nemo\u017eno odvr\u00e1ti\u0165, dopravca je povinn\u00fd vykona\u0165 prepravu (\u010falej len ,,prepravn\u00e1 povinnos\u0165\u201c) \u010cl\u00e1nok 4 Veci\u00a0 vyl\u00fa\u010den\u00e9 z prepravy \u00a0 Z prepravy s\u00fa vyl\u00fa\u010den\u00e9 veci, ktor\u00fdch preprava je zak\u00e1zan\u00e1 v\u0161eobecne platn\u00fdmi pr\u00e1vnymi predpismi, nebezpe\u010dn\u00e9 veci v zmysle aktu\u00e1lnej Eur\u00f3pskej dohody o cestnej preprave nebezpe\u010dn\u00fdch vec\u00ed (\u010falej v texte len ako \u201eDohoda ADR), predmety, ktor\u00e9 svojimi rozmermi alebo hmotnos\u0165ou vzh\u013eadom na u\u017eito\u010dn\u00fa hmotnos\u0165, rozmery vozidiel a stav pozemn\u00fdch komunik\u00e1ci\u00ed, ktor\u00fdch m\u00e1 by\u0165 pri preprave pou\u017eito, s\u00fa nevhodn\u00e9 na preprave vozidlom dopravcu, veci vysokej resp. \u0165a\u017eko vy\u010d\u00edslite\u013enej hodnoty (umeleck\u00e9 zbierky, staro\u017eitnosti a pod.). Dopravca vzh\u013eadom na svoju teraj\u0161iu technick\u00fa z\u00e1klad\u0148u neprepravuje \u017eiv\u00e9 zvierat\u00e1. Dopravca nevykon\u00e1va zvl\u00e1\u0161\u0165 nadmern\u00e9 a nadrozmern\u00e9 prepravy, ktor\u00e9 by si vy\u017eadovali \u0161pecializovan\u00fa technick\u00fa z\u00e1klad\u0148u. Ak bola podan\u00e1 k preprave z\u00e1sielka, ktor\u00e1 je vyl\u00fa\u010den\u00e1 z prepravy alebo jej preprava je povolen\u00e1 za zvl\u00e1\u0161tnych podmienok, bez toho aby bola t\u00e1to povaha z\u00e1sielky dopravcovi ozn\u00e1men\u00e1 alebo bola prevzat\u00e1 tak\u00e1 z\u00e1sielka k preprave na podklade nespr\u00e1vnych alebo ne\u00fapln\u00fdch \u00fadajov, je odosielate\u013e povinn\u00fd zaplati\u0165 pokutu vo v\u00fd\u0161ke rovnaj\u00facej sa trojn\u00e1sobku dohodnut\u00e9ho prepravn\u00e9ho za celovozov\u00fa z\u00e1sielku. \u00a0 \u00a0 \u010cl\u00e1nok 5 Podmienky pristavovania vozidiel na nakl\u00e1dku a vykl\u00e1dku a rozsah spolupr\u00e1ce\u00a0 odosielate\u013ea a pr\u00edjemcu vec\u00ed s dopravcom Odosielate\u013e je povinn\u00fd poskytn\u00fa\u0165 dopravcovi spr\u00e1vne \u00fadaje o obsahu prepravovan\u00e9ho materi\u00e1lu Odosielate\u013e je povinn\u00fd prepravu u dopravcu objedna\u0165 formou faxu, e-mailu s elektronick\u00fdm podpisom alebo scan podp\u00edsanej objedn\u00e1vky formou pr\u00edlohy. Pri opakovanej preprave je vhodnej\u0161ie medzi dopravcom a objedn\u00e1vate\u013eom prepravy uzatvori\u0165 zmluvu. Objedn\u00e1vka mus\u00ed obsahova\u0165 nasleduj\u00face slovn\u00e9 spojenie: \u201cZ\u00e1v\u00e4zne si u V\u00e1s objedn\u00e1vame&#8230;\u201c alebo \u201cObjedn\u00e1vame si u V\u00e1s&#8230;\u201c \u00a0 \u00a0 Oddiel IV Z\u00e1vere\u010dn\u00e9 ustanovenia \u010cl\u00e1nok 15 Zverejnenie prepravn\u00e9ho poriadku cestnej n\u00e1kladnej dopravy a jeho platnos\u0165 \u00a0 Pod\u013ea z\u00e1kona \u010d. 56\/2012 Z. z. o cestnej doprave dopravca zverejnil tento prepravn\u00fd poriadok na svojom webovom s\u00eddle (www.labasko.sk)a je k dispoz\u00edci\u00ed aj v s\u00eddle dopravcu.\u00a0 Tento prepravn\u00fd poriadok je platn\u00fd od 23.02.2023 Pod\u013ea z\u00e1kona \u010d. 56\/2012 Z. z. o cestnej doprave zverejnen\u00fd prepravn\u00fd poriadok je s\u00fa\u010das\u0165ou n\u00e1vrhu dopravcu na uzavretie prepravnej zmluvy a po jej uzatvoren\u00ed je jeho obsah s\u00fa\u010das\u0165ou zmluvn\u00fdch pr\u00e1v a povinnost\u00ed \u00fa\u010dastn\u00edkov zmluvy. Objedn\u00e1vate\u013e prepravy (prepravca) je pred podp\u00edsan\u00edm zmluvy\u00a0 o preprave\u00a0 vec\u00ed resp. n\u00e1kladu povinn\u00fd sa s t\u00fdmto prepravn\u00fdm poriadkom obozn\u00e1mi\u0165. \u00a0 \u00a0 \u010cl\u00e1nok 16 Zmeny v prepravnom\u00a0 poriadku cestnej n\u00e1kladnej dopravy \u00a0 V\u0161etky zmeny a doplnky prepravn\u00e9ho poriadku s\u00fa platn\u00e9 d\u0148om ich zverejnenia a spr\u00edstupnenia na webovom s\u00eddle dopravcu. Ak bude prepravn\u00fd poriadok podstatne zmenen\u00fd alebo podstatne doplnen\u00fd, dopravca zabezpe\u010d\u00ed jeho zverejnenie a spr\u00edstupnenie v \u00faplnom znen\u00ed. \u00a0V\u00a0Pre\u0161ove d\u0148a 01.04.2025 Meno a priezvisko\u00a0 \u0161tatut\u00e1rneho z\u00e1stupcu:\u00a0\u00a0\u00a0\u00a0\u00a0\u00a0\u00a0\u00a0\u00a0\u00a0\u00a0\u00a0\u00a0\u00a0\u00a0\u00a0\u00a0\u00a0\u00a0\u00a0\u00a0\u00a0\u00a0\u00a0\u00a0\u00a0\u00a0\u00a0\u00a0\u00a0\u00a0\u00a0\u00a0\u00a0\u00a0\u00a0\u00a0\u00a0\u00a0\u00a0\u00a0\u00a0\u00a0\u00a0\u00a0\u00a0\u00a0\u00a0\u00a0\u00a0\u00a0 \u00a0\u00a0\u00a0\u00a0\u00a0\u00a0\u00a0\u00a0\u00a0Peter Laba\u0161ko<\/p>\n","protected":false},"author":1,"featured_media":0,"parent":0,"menu_order":0,"comment_status":"closed","ping_status":"closed","template":"elementor_canvas","meta":{"om_disable_all_campaigns":false,"_monsterinsights_skip_tracking":false,"_monsterinsights_sitenote_active":false,"_monsterinsights_sitenote_note":"","_monsterinsights_sitenote_category":0,"footnotes":""},"class_list":["post-872","page","type-page","status-publish","hentry"],"aioseo_notices":[],"_links":{"self":[{"href":"https:\/\/www.labasko.sk\/index.php\/wp-json\/wp\/v2\/pages\/872","targetHints":{"allow":["GET"]}}],"collection":[{"href":"https:\/\/www.labasko.sk\/index.php\/wp-json\/wp\/v2\/pages"}],"about":[{"href":"https:\/\/www.labasko.sk\/index.php\/wp-json\/wp\/v2\/types\/page"}],"author":[{"embeddable":true,"href":"https:\/\/www.labasko.sk\/index.php\/wp-json\/wp\/v2\/users\/1"}],"replies":[{"embeddable":true,"href":"https:\/\/www.labasko.sk\/index.php\/wp-json\/wp\/v2\/comments?post=872"}],"version-history":[{"count":0,"href":"https:\/\/www.labasko.sk\/index.php\/wp-json\/wp\/v2\/pages\/872\/revisions"}],"wp:attachment":[{"href":"https:\/\/www.labasko.sk\/index.php\/wp-json\/wp\/v2\/media?parent=872"}],"curies":[{"name":"wp","href":"https:\/\/api.w.org\/{rel}","templated":true}]}}